{"id":162,"date":"2025-04-23T00:32:09","date_gmt":"2025-04-22T22:32:09","guid":{"rendered":"https:\/\/www.test.apmess13.org\/?page_id=162"},"modified":"2026-02-20T23:03:03","modified_gmt":"2026-02-20T22:03:03","slug":"nous-decouvrir","status":"publish","type":"page","link":"https:\/\/www.test.apmess13.org\/index.php\/nous-decouvrir\/","title":{"rendered":"Nous d\u00e9couvrir"},"content":{"rendered":"\n<main class=\"wp-block-group is-layout-flow wp-block-group-is-layout-flow\" style=\"margin-top:0;margin-bottom:0;padding-top:0;padding-right:0;padding-bottom:0;padding-left:0\">\n<h2 class=\"wp-block-heading wp-container-content-432d1f4f\">Une maison pas comme les autres, un lieu de vie au c\u0153ur du village<\/h2>\n\n\n\n<div class=\"wp-block-columns is-layout-flex wp-container-core-columns-is-layout-28f84493 wp-block-columns-is-layout-flex\">\n<div class=\"wp-block-column is-layout-flow wp-block-column-is-layout-flow\">\n<p style=\"padding-bottom:var(--wp--preset--spacing--10)\">Le Ch\u00e2teau de Beaurecueil n\u2019est pas un \u00e9tablissement comme les autres.<br>C\u2019est un lieu d\u2019accueil, de soin et de vie, profond\u00e9ment ancr\u00e9 dans son territoire, au pied de la Sainte-Victoire.<\/p>\n<\/div>\n\n\n\n<div class=\"wp-block-column is-layout-flow wp-block-column-is-layout-flow\">\n<p style=\"padding-bottom:var(--wp--preset--spacing--10)\">Ici, les personnes \u00e2g\u00e9es sont accueillies avec respect, attention et bienveillance. Nous croyons \u00e0 un accompagnement humain, ouvert, connect\u00e9 au monde. Un EHPAD o\u00f9 l\u2019on vit, o\u00f9 l\u2019on partage, o\u00f9 l\u2019on continue d\u2019exister pleinement.<\/p>\n<\/div>\n<\/div>\n<\/main>\n\n\n\n<hr class=\"wp-block-separator has-alpha-channel-opacity\"\/>\n\n\n\n<main class=\"wp-block-group is-layout-flow wp-block-group-is-layout-flow\" style=\"margin-top:0;margin-bottom:0;padding-top:0;padding-right:0;padding-bottom:0;padding-left:0\">\n<div class=\"wp-block-group has-tertiary-background-color has-background has-global-padding is-layout-constrained wp-container-core-group-is-layout-b2082ebc wp-block-group-is-layout-constrained\" style=\"margin-top:0;margin-bottom:0;padding-top:100px;padding-right:20px;padding-bottom:100px;padding-left:20px\">\n<div class=\"wp-block-group has-global-padding is-layout-constrained wp-block-group-is-layout-constrained\">\n<div class=\"wp-block-columns is-layout-flex wp-container-core-columns-is-layout-0fdf43c2 wp-block-columns-is-layout-flex\">\n<div class=\"wp-block-column is-vertically-aligned-center is-layout-flow wp-block-column-is-layout-flow\">\n<h2 class=\"wp-block-heading wp-container-content-432d1f4f\" style=\"padding-bottom:45px\">Nos fondamentaux<\/h2>\n\n\n\n<p>Au Ch\u00e2teau de Beaurecueil, nous ne suivons pas des principes abstraits. Nous avan\u00e7ons avec des rep\u00e8res concrets, port\u00e9s par l\u2019\u00e9quipe et partag\u00e9s au quotidien. Ces fondamentaux, ce sont nos balises pour accompagner avec justesse, coh\u00e9rence et attention.<\/p>\n\n\n\n<div class=\"wp-block-group has-global-padding is-layout-constrained wp-block-group-is-layout-constrained\">\n<details class=\"wp-block-details has-mdm-large-font-size is-layout-flow wp-block-details-is-layout-flow\" style=\"border-top-style:none;border-top-width:0px;border-right-style:none;border-right-width:0px;border-bottom-color:#d1d1d1;border-bottom-width:1px;border-left-style:none;border-left-width:0px;padding-top:0;padding-right:0;padding-bottom:18px;padding-left:0\" open><summary>\ud83d\udc41\ufe0f <strong>Regarder la personne dans sa globalit\u00e9<\/strong><\/summary>\n<p style=\"font-style:normal;font-weight:400\">Accompagner une personne, c\u2019est reconna\u00eetre toute son histoire, ses choix, ses rep\u00e8res, ses liens. Nous pla\u00e7ons l\u2019\u00e9coute et la consid\u00e9ration au c\u0153ur de notre approche.<\/p>\n<\/details>\n\n\n\n<details class=\"wp-block-details has-mdm-large-font-size is-layout-flow wp-block-details-is-layout-flow\" style=\"border-top-style:none;border-top-width:0px;border-right-style:none;border-right-width:0px;border-bottom-color:#d1d1d1;border-bottom-width:1px;border-left-style:none;border-left-width:0px;padding-top:0;padding-right:0;padding-bottom:18px;padding-left:0\"><summary>\ud83c\udf31 <strong>Cr\u00e9er du lien, chaque jour<\/strong><\/summary>\n<p style=\"font-style:normal;font-weight:400\">Le lien humain est le socle de tout accompagnement durable. Il se tisse avec les familles, entre coll\u00e8gues, avec les partenaires du territoire. Il rend la maison vivante, ouverte, accueillante.<\/p>\n<\/details>\n\n\n\n<details class=\"wp-block-details has-mdm-large-font-size is-layout-flow wp-block-details-is-layout-flow\" style=\"border-top-style:none;border-top-width:0px;border-right-style:none;border-right-width:0px;border-bottom-color:#d1d1d1;border-bottom-width:1px;border-left-style:none;border-left-width:0px;padding-top:0;padding-right:0;padding-bottom:18px;padding-left:0\"><summary>\ud83c\udfe1 <strong>Faire de notre maison un lieu vivant<\/strong><\/summary>\n<p style=\"font-style:normal;font-weight:400\">Notre maison est un lieu de passage, de rencontres, de transmissions. Gr\u00e2ce au tiers lieu, aux f\u00eates, aux animations, aux expositions, aux animaux, chacun peut continuer \u00e0 vivre pleinement, \u00e0 son rythme, avec les autres<\/p>\n<\/details>\n<\/div>\n<\/div>\n\n\n\n<div class=\"wp-block-column is-vertically-aligned-top is-layout-flow wp-block-column-is-layout-flow\">\n<div class=\"wp-block-cover is-light hoverImageWrapper\" style=\"border-radius:10px;min-height:600px;aspect-ratio:unset;aspect-ratio:unset;\"><img loading=\"lazy\" decoding=\"async\" width=\"720\" height=\"960\" class=\"wp-block-cover__image-background wp-image-226 size-full\" alt=\"\" src=\"https:\/\/www.test.apmess13.org\/wp-content\/uploads\/2026\/02\/corps-seniors.jpg\" data-object-fit=\"cover\" srcset=\"https:\/\/www.test.apmess13.org\/wp-content\/uploads\/2026\/02\/corps-seniors.jpg 720w, https:\/\/www.test.apmess13.org\/wp-content\/uploads\/2026\/02\/corps-seniors-225x300.jpg 225w\" sizes=\"auto, (max-width: 720px) 100vw, 720px\" \/><span aria-hidden=\"true\" class=\"wp-block-cover__background has-background-dim-0 has-background-dim\" style=\"background-color:#564e4f\"><\/span><div class=\"wp-block-cover__inner-container has-global-padding is-layout-constrained wp-block-cover-is-layout-constrained\">\n<p class=\"has-text-align-center has-large-font-size\"><\/p>\n<\/div><\/div>\n<\/div>\n<\/div>\n<\/div>\n<\/div>\n\n\n\n<div class=\"wp-block-group has-global-padding is-layout-constrained wp-container-core-group-is-layout-b2082ebc wp-block-group-is-layout-constrained\" style=\"margin-top:0;margin-bottom:0;padding-top:100px;padding-right:20px;padding-bottom:100px;padding-left:20px\">\n<div class=\"wp-block-columns are-vertically-aligned-center is-layout-flex wp-container-core-columns-is-layout-9cad5244 wp-block-columns-is-layout-flex\" style=\"margin-top:0;margin-bottom:0\">\n<div class=\"wp-block-column is-vertically-aligned-center is-layout-flow wp-block-column-is-layout-flow\">\n<div class=\"wp-block-cover hoverImageWrapper\" style=\"border-radius:10px;min-height:550px;aspect-ratio:unset;aspect-ratio:unset;\"><img loading=\"lazy\" decoding=\"async\" width=\"815\" height=\"1024\" class=\"wp-block-cover__image-background wp-image-193 size-large\" alt=\"\" src=\"https:\/\/www.test.apmess13.org\/wp-content\/uploads\/2025\/04\/Capture-decran-2025-04-24-a-12.44.03-815x1024.png\" data-object-fit=\"cover\" srcset=\"https:\/\/www.test.apmess13.org\/wp-content\/uploads\/2025\/04\/Capture-decran-2025-04-24-a-12.44.03-815x1024.png 815w, https:\/\/www.test.apmess13.org\/wp-content\/uploads\/2025\/04\/Capture-decran-2025-04-24-a-12.44.03-239x300.png 239w, https:\/\/www.test.apmess13.org\/wp-content\/uploads\/2025\/04\/Capture-decran-2025-04-24-a-12.44.03-768x965.png 768w, https:\/\/www.test.apmess13.org\/wp-content\/uploads\/2025\/04\/Capture-decran-2025-04-24-a-12.44.03.png 1116w\" sizes=\"auto, (max-width: 815px) 100vw, 815px\" \/><span aria-hidden=\"true\" class=\"wp-block-cover__background has-background-dim-0 has-background-dim\" style=\"background-color:#887c68\"><\/span><div class=\"wp-block-cover__inner-container has-global-padding is-layout-constrained wp-block-cover-is-layout-constrained\">\n<p class=\"has-text-align-center has-large-font-size\"><\/p>\n<\/div><\/div>\n<\/div>\n\n\n\n<div class=\"wp-block-column is-vertically-aligned-center is-layout-flow wp-block-column-is-layout-flow\">\n<h2 class=\"wp-block-heading wp-container-content-432d1f4f\">Notre histoire<\/h2>\n\n\n\n<p style=\"margin-bottom:var(--wp--preset--spacing--30)\">Le Ch\u00e2teau de Beaurecueil est une maison ancienne, r\u00e9nov\u00e9e avec soin pour devenir un EHPAD public \u00e0 part enti\u00e8re.<\/p>\n\n\n\n<div class=\"wp-block-uagb-content-timeline uagb-timeline__outer-wrap uagb-block-0248420d uagb-timeline__content-wrap uagb-timeline__center-block  uagb-timeline__arrow-center uagb-timeline\">\n<article class=\"wp-block-uagb-content-timeline-child uagb-timeline__field uagb-timeline-child-522172b0 uagb-timeline__right\"><div class=\"uagb-timeline__marker out-view-uagb-timeline__icon\"><svg xmlns=\"https:\/\/www.w3.org\/2000\/svg\" viewBox=\"0 0 448 512\"><path d=\"M160 32V64H288V32C288 14.33 302.3 0 320 0C337.7 0 352 14.33 352 32V64H400C426.5 64 448 85.49 448 112V160H0V112C0 85.49 21.49 64 48 64H96V32C96 14.33 110.3 0 128 0C145.7 0 160 14.33 160 32zM0 192H448V464C448 490.5 426.5 512 400 512H48C21.49 512 0 490.5 0 464V192zM64 304C64 312.8 71.16 320 80 320H112C120.8 320 128 312.8 128 304V272C128 263.2 120.8 256 112 256H80C71.16 256 64 263.2 64 272V304zM192 304C192 312.8 199.2 320 208 320H240C248.8 320 256 312.8 256 304V272C256 263.2 248.8 256 240 256H208C199.2 256 192 263.2 192 272V304zM336 256C327.2 256 320 263.2 320 272V304C320 312.8 327.2 320 336 320H368C376.8 320 384 312.8 384 304V272C384 263.2 376.8 256 368 256H336zM64 432C64 440.8 71.16 448 80 448H112C120.8 448 128 440.8 128 432V400C128 391.2 120.8 384 112 384H80C71.16 384 64 391.2 64 400V432zM208 384C199.2 384 192 391.2 192 400V432C192 440.8 199.2 448 208 448H240C248.8 448 256 440.8 256 432V400C256 391.2 248.8 384 240 384H208zM320 432C320 440.8 327.2 448 336 448H368C376.8 448 384 440.8 384 432V400C384 391.2 376.8 384 368 384H336C327.2 384 320 391.2 320 400V432z\"><\/path><\/svg><\/div><div class=\"uagb-timeline__day-new uagb-timeline__day-right uagb-timeline__events-inner-new\"><div class=\"uagb-timeline__events-inner--content\"><div class=\"uagb-timeline__date-hide uagb-timeline__inner-date-new\">janvier 1, 2019<\/div><h4 class=\"uagb-timeline__heading\">Origines (XVe si\u00e8cle)<\/h4><p class=\"uagb-timeline-desc-content\">.Class\u00e9 monument historique, il conserve ses tours d\u2019angle, sa cour int\u00e9rieure et un caract\u00e8re patrimonial unique.<\/p><div class=\"uagb-timeline__arrow\"><\/div><\/div><\/div><div class=\"uagb-timeline__date-new\">janvier 1, 2019<\/div><\/article>\n\n\n\n<article class=\"wp-block-uagb-content-timeline-child uagb-timeline__field uagb-timeline-child-be2dd645 uagb-timeline__left\"><div class=\"uagb-timeline__marker out-view-uagb-timeline__icon\"><svg xmlns=\"https:\/\/www.w3.org\/2000\/svg\" viewBox=\"0 0 448 512\"><path d=\"M160 32V64H288V32C288 14.33 302.3 0 320 0C337.7 0 352 14.33 352 32V64H400C426.5 64 448 85.49 448 112V160H0V112C0 85.49 21.49 64 48 64H96V32C96 14.33 110.3 0 128 0C145.7 0 160 14.33 160 32zM0 192H448V464C448 490.5 426.5 512 400 512H48C21.49 512 0 490.5 0 464V192zM64 304C64 312.8 71.16 320 80 320H112C120.8 320 128 312.8 128 304V272C128 263.2 120.8 256 112 256H80C71.16 256 64 263.2 64 272V304zM192 304C192 312.8 199.2 320 208 320H240C248.8 320 256 312.8 256 304V272C256 263.2 248.8 256 240 256H208C199.2 256 192 263.2 192 272V304zM336 256C327.2 256 320 263.2 320 272V304C320 312.8 327.2 320 336 320H368C376.8 320 384 312.8 384 304V272C384 263.2 376.8 256 368 256H336zM64 432C64 440.8 71.16 448 80 448H112C120.8 448 128 440.8 128 432V400C128 391.2 120.8 384 112 384H80C71.16 384 64 391.2 64 400V432zM208 384C199.2 384 192 391.2 192 400V432C192 440.8 199.2 448 208 448H240C248.8 448 256 440.8 256 432V400C256 391.2 248.8 384 240 384H208zM320 432C320 440.8 327.2 448 336 448H368C376.8 448 384 440.8 384 432V400C384 391.2 376.8 384 368 384H336C327.2 384 320 391.2 320 400V432z\"><\/path><\/svg><\/div><div class=\"uagb-timeline__day-new uagb-timeline__day-left uagb-timeline__events-inner-new\"><div class=\"uagb-timeline__events-inner--content\"><div class=\"uagb-timeline__date-hide uagb-timeline__inner-date-new\">janvier 1, 2019<\/div><h4 class=\"uagb-timeline__heading\">Engagement social<\/h4><p class=\"uagb-timeline-desc-content\">D\u2019abord colonie agricole pour jeunes d\u00e9favoris\u00e9s, le Ch\u00e2teau devient en 1924 un lieu d\u2019accueil pour les orphelins de guerre sous l\u2019impulsion de l\u2019ONAC-VG.<\/p><div class=\"uagb-timeline__arrow\"><\/div><\/div><\/div><div class=\"uagb-timeline__date-new\">janvier 1, 2019<\/div><\/article>\n\n\n\n<article class=\"wp-block-uagb-content-timeline-child uagb-timeline__field uagb-timeline-child-d62910a1 uagb-timeline__right\"><div class=\"uagb-timeline__marker out-view-uagb-timeline__icon\"><svg xmlns=\"https:\/\/www.w3.org\/2000\/svg\" viewBox=\"0 0 448 512\"><path d=\"M160 32V64H288V32C288 14.33 302.3 0 320 0C337.7 0 352 14.33 352 32V64H400C426.5 64 448 85.49 448 112V160H0V112C0 85.49 21.49 64 48 64H96V32C96 14.33 110.3 0 128 0C145.7 0 160 14.33 160 32zM0 192H448V464C448 490.5 426.5 512 400 512H48C21.49 512 0 490.5 0 464V192zM64 304C64 312.8 71.16 320 80 320H112C120.8 320 128 312.8 128 304V272C128 263.2 120.8 256 112 256H80C71.16 256 64 263.2 64 272V304zM192 304C192 312.8 199.2 320 208 320H240C248.8 320 256 312.8 256 304V272C256 263.2 248.8 256 240 256H208C199.2 256 192 263.2 192 272V304zM336 256C327.2 256 320 263.2 320 272V304C320 312.8 327.2 320 336 320H368C376.8 320 384 312.8 384 304V272C384 263.2 376.8 256 368 256H336zM64 432C64 440.8 71.16 448 80 448H112C120.8 448 128 440.8 128 432V400C128 391.2 120.8 384 112 384H80C71.16 384 64 391.2 64 400V432zM208 384C199.2 384 192 391.2 192 400V432C192 440.8 199.2 448 208 448H240C248.8 448 256 440.8 256 432V400C256 391.2 248.8 384 240 384H208zM320 432C320 440.8 327.2 448 336 448H368C376.8 448 384 440.8 384 432V400C384 391.2 376.8 384 368 384H336C327.2 384 320 391.2 320 400V432z\"><\/path><\/svg><\/div><div class=\"uagb-timeline__day-new uagb-timeline__day-right uagb-timeline__events-inner-new\"><div class=\"uagb-timeline__events-inner--content\"><div class=\"uagb-timeline__date-hide uagb-timeline__inner-date-new\">janvier 1, 2019<\/div><h4 class=\"uagb-timeline__heading\">Un EHPAD ouvert<\/h4><p class=\"uagb-timeline-desc-content\">Devenu EHPAD public autonome, le Ch\u00e2teau s\u2019ouvre au territoire \u00e0 travers son tiers lieu .<\/p><div class=\"uagb-timeline__arrow\"><\/div><\/div><\/div><div class=\"uagb-timeline__date-new\">janvier 1, 2019<\/div><\/article>\n<div class=\"uagb-timeline__line\"><div class=\"uagb-timeline__line__inner\"><\/div><\/div><\/div>\n<\/div>\n<\/div>\n\n\n\n<div class=\"wp-block-columns are-vertically-aligned-center is-layout-flex wp-container-core-columns-is-layout-4f563609 wp-block-columns-is-layout-flex\" style=\"margin-top:var(--wp--preset--spacing--50);margin-bottom:0\">\n<div class=\"wp-block-column is-vertically-aligned-center is-layout-flow wp-block-column-is-layout-flow\">\n<h2 class=\"wp-block-heading wp-container-content-432d1f4f\">Nos engagements<\/h2>\n\n\n\n<p style=\"margin-bottom:var(--wp--preset--spacing--30)\">Nous croyons \u00e0 un \u00e9tablissement responsable, ouvert et en mouvement. C\u2019est pourquoi nous nous engageons au quotidien sur plusieurs axes :<\/p>\n\n\n\n<div class=\"wp-block-group is-nowrap is-layout-flex wp-container-core-group-is-layout-17c695da wp-block-group-is-layout-flex\">\n<p style=\"margin-top:0;margin-bottom:0;padding-top:0;padding-bottom:0\"><strong>Une alimentation locale et de qualit\u00e9<\/strong> : nous privil\u00e9gions les produits bio, de saison, issus de circuits courts, en lien avec des producteurs locaux.<\/p>\n\n\n\n<p style=\"margin-top:0;margin-bottom:0;padding-top:0;padding-bottom:0\"><strong>L&rsquo;interg\u00e9n\u00e9rationnel et sa richesse<\/strong> accueil d\u2019\u00e9tudiants en colocation, de stagiaires, d\u2019apprentis et de jeunes en service civique. <\/p>\n<\/div>\n\n\n\n<div class=\"wp-block-group is-nowrap is-layout-flex wp-container-core-group-is-layout-386e1b78 wp-block-group-is-layout-flex\" style=\"margin-top:12px;margin-bottom:12px\">\n<p style=\"margin-top:0;margin-bottom:0;padding-top:0;padding-bottom:0\"><strong>Un \u00e9tablissement \u00e9co-responsable<\/strong> : nous r\u00e9duisons nos d\u00e9chets, trions, r\u00e9utilisons et privil\u00e9gions les achats responsables.<\/p>\n\n\n\n<p style=\"margin-top:0;margin-bottom:0;padding-top:0;padding-bottom:0\"><strong>Une culture de la coop\u00e9ration<\/strong> : nous co-construisons nos projets avec les familles, les \u00e9quipes et le territoire.<\/p>\n<\/div>\n\n\n\n<div class=\"wp-block-group is-nowrap is-layout-flex wp-container-core-group-is-layout-672bbef7 wp-block-group-is-layout-flex\" style=\"margin-top:0;margin-bottom:0\">\n<p style=\"margin-top:0;margin-bottom:0;padding-top:0;padding-bottom:0\"><strong>Une mobilit\u00e9 douce<\/strong> : nous encourageons le covoiturage, les v\u00e9los \u00e9lectriques et le partage de solutions.<\/p>\n\n\n\n<p style=\"margin-top:0;margin-bottom:0;padding-top:0;padding-bottom:0\"><strong>Une attention \u00e0 la sant\u00e9 mentale<\/strong> : nous favorisons l&rsquo;\u00e9coute, le soutien psychologique pour tous.<\/p>\n<\/div>\n\n\n\n<div class=\"wp-block-buttons is-layout-flex wp-block-buttons-is-layout-flex\" style=\"margin-top:40px\">\n<div class=\"wp-block-button\"><a class=\"wp-block-button__link has-primary-background-color has-background wp-element-button\">D\u00e9couvrir en images<\/a><\/div>\n<\/div>\n<\/div>\n\n\n\n<div class=\"wp-block-column is-vertically-aligned-center is-layout-flow wp-block-column-is-layout-flow\">\n<div class=\"wp-block-cover hoverImageWrapper\" style=\"border-radius:10px;min-height:550px;aspect-ratio:unset;aspect-ratio:unset;\"><img loading=\"lazy\" decoding=\"async\" width=\"1024\" height=\"1010\" class=\"wp-block-cover__image-background wp-image-194 size-large\" alt=\"\" src=\"https:\/\/www.test.apmess13.org\/wp-content\/uploads\/2025\/04\/Capture-decran-2025-04-24-a-12.44.50-1024x1010.png\" data-object-fit=\"cover\" srcset=\"https:\/\/www.test.apmess13.org\/wp-content\/uploads\/2025\/04\/Capture-decran-2025-04-24-a-12.44.50-1024x1010.png 1024w, https:\/\/www.test.apmess13.org\/wp-content\/uploads\/2025\/04\/Capture-decran-2025-04-24-a-12.44.50-300x296.png 300w, https:\/\/www.test.apmess13.org\/wp-content\/uploads\/2025\/04\/Capture-decran-2025-04-24-a-12.44.50-768x758.png 768w, https:\/\/www.test.apmess13.org\/wp-content\/uploads\/2025\/04\/Capture-decran-2025-04-24-a-12.44.50.png 1046w\" sizes=\"auto, (max-width: 1024px) 100vw, 1024px\" \/><span aria-hidden=\"true\" class=\"wp-block-cover__background has-background-dim-0 has-background-dim\" style=\"background-color:#64635f\"><\/span><div class=\"wp-block-cover__inner-container has-global-padding is-layout-constrained wp-block-cover-is-layout-constrained\">\n<p class=\"has-text-align-center has-large-font-size\"><\/p>\n<\/div><\/div>\n<\/div>\n<\/div>\n<\/div>\n\n\n\n<div class=\"wp-block-group has-tertiary-background-color has-background has-global-padding is-layout-constrained wp-container-core-group-is-layout-b2082ebc wp-block-group-is-layout-constrained\" style=\"margin-top:0;margin-bottom:0;padding-top:100px;padding-right:20px;padding-bottom:100px;padding-left:20px\">\n<div class=\"wp-block-columns are-vertically-aligned-center is-layout-flex wp-container-core-columns-is-layout-47c06fe3 wp-block-columns-is-layout-flex\">\n<div class=\"wp-block-column is-vertically-aligned-center is-layout-flow wp-block-column-is-layout-flow\">\n<div class=\"wp-block-group contact-form has-global-padding is-layout-constrained wp-block-group-is-layout-constrained\">\n<h2 class=\"wp-block-heading wp-container-content-432d1f4f\">Notre tiers lieu<\/h2>\n\n\n\n<p style=\"padding-bottom:var(--wp--preset--spacing--10)\">Le Ch\u00e2teau de Beaurecueil est ouvert sur son territoire. Il accueille un v\u00e9ritable tiers lieu interg\u00e9n\u00e9rationnel et solidaire, dans lequel cohabitent projets, publics, rencontres et \u00e9changes.<\/p>\n\n\n\n<p>On y trouve : des colocations interg\u00e9n\u00e9rationnelles, un refuge pour animaux, des expositions et \u00e9v\u00e9nements culturels, des espaces partag\u00e9s pour des associations du territoire&#8230;<\/p>\n\n\n\n<p style=\"padding-bottom:var(--wp--preset--spacing--10)\">Ce tiers lieu fait vivre un lien quotidien entre l\u2019int\u00e9rieur et l\u2019ext\u00e9rieur, entre les \u00e2ges, entre les parcours. Il nourrit la vie sociale, le bien-\u00eatre, le sentiment d\u2019appartenance. Et il donne \u00e0 voir une autre fa\u00e7on de vivre ensemble, dans le respect et l\u2019ouverture.<\/p>\n<\/div>\n<\/div>\n\n\n\n<div class=\"wp-block-column is-vertically-aligned-center is-layout-flow wp-block-column-is-layout-flow\">\n<div class=\"wp-block-cover is-light\" style=\"border-radius:10px;min-height:650px;aspect-ratio:unset;aspect-ratio:unset;\"><img loading=\"lazy\" decoding=\"async\" width=\"382\" height=\"714\" class=\"wp-block-cover__image-background wp-image-224 size-full\" alt=\"\" src=\"https:\/\/www.test.apmess13.org\/wp-content\/uploads\/2026\/02\/Capture-decran-2026-02-20-a-23.00.10.png\" data-object-fit=\"cover\" srcset=\"https:\/\/www.test.apmess13.org\/wp-content\/uploads\/2026\/02\/Capture-decran-2026-02-20-a-23.00.10.png 382w, https:\/\/www.test.apmess13.org\/wp-content\/uploads\/2026\/02\/Capture-decran-2026-02-20-a-23.00.10-161x300.png 161w\" sizes=\"auto, (max-width: 382px) 100vw, 382px\" \/><span aria-hidden=\"true\" class=\"wp-block-cover__background has-background-dim-0 has-background-dim\" style=\"background-color:#7c6a52\"><\/span><div class=\"wp-block-cover__inner-container has-global-padding is-layout-constrained wp-block-cover-is-layout-constrained\">\n<p class=\"has-text-align-center has-large-font-size\"><\/p>\n<\/div><\/div>\n<\/div>\n<\/div>\n<\/div>\n\n\n\n<hr class=\"wp-block-separator has-alpha-channel-opacity\"\/>\n\n\n\n<p><\/p>\n<\/main>\n\n\n\n<main class=\"wp-block-group is-layout-flow wp-block-group-is-layout-flow\" style=\"margin-top:0;margin-bottom:0;padding-top:0;padding-right:0;padding-bottom:0;padding-left:0\">\n<main class=\"wp-block-group has-global-padding is-layout-constrained wp-container-core-group-is-layout-5b4e24e1 wp-block-group-is-layout-constrained\" style=\"margin-top:0;margin-bottom:0;padding-top:var(--wp--preset--spacing--40);padding-right:20px;padding-bottom:var(--wp--preset--spacing--40);padding-left:20px\">\n<div class=\"wp-block-group alignwide has-white-background-color has-background has-body-font-family has-global-padding is-layout-constrained wp-container-core-group-is-layout-673956fd wp-block-group-is-layout-constrained\" style=\"border-radius:8px;margin-top:0;margin-bottom:0;padding-top:var(--wp--preset--spacing--40);padding-right:0px;padding-bottom:var(--wp--preset--spacing--40);padding-left:0px;font-size:clamp(20px, 1.25rem + ((1vw - 3.2px) * 1.224), 32px);font-style:normal;font-weight:700\">\n<div class=\"wp-block-columns is-layout-flex wp-container-core-columns-is-layout-28f84493 wp-block-columns-is-layout-flex\">\n<div class=\"wp-block-column is-vertically-aligned-center is-layout-flow wp-block-column-is-layout-flow\">\n<h2 class=\"wp-block-heading has-text-align-center has-link-color-color has-text-color has-link-color wp-elements-7164e0aa9bbf738cec1e55d442f1079f\">Rejoignez notre \u00e9quipe<\/h2>\n\n\n\n<p class=\"has-text-align-center has-link-color-color has-text-color has-link-color wp-elements-b340b3908b8e6c5224c82f8e4b7649cf\" style=\"font-size:clamp(14px, 0.875rem + ((1vw - 3.2px) * 0.204), 16px);font-style:normal;font-weight:400\">Faites le choix d\u2019une maison pas comme les autres, rencontrons-nous !<\/p>\n\n\n\n<div class=\"wp-block-buttons is-content-justification-center is-layout-flex wp-container-core-buttons-is-layout-f3767f4c wp-block-buttons-is-layout-flex\" style=\"margin-top:var(--wp--preset--spacing--20)\">\n<div class=\"wp-block-button\"><a class=\"wp-block-button__link has-contrast-3-color has-text-color has-link-color wp-element-button\" href=\"https:\/\/fr.indeed.com\/cmp\/Ehpad-Chateau-De-Beaurecueil-3\">Nos offres d&#8217;emploi<\/a><\/div>\n<\/div>\n<\/div>\n<\/div>\n<\/div>\n<\/main>\n<\/main>\n","protected":false},"excerpt":{"rendered":"<p>Une maison pas comme les autres, un lieu de vie au c\u0153ur du village Le Ch\u00e2teau de Beaurecueil n\u2019est pas un \u00e9tablissement comme les autres.C\u2019est un lieu d\u2019accueil, de soin et de vie, profond\u00e9ment ancr\u00e9 dans son territoire, au pied de la Sainte-Victoire. Ici, les personnes \u00e2g\u00e9es sont accueillies avec respect, attention et bienveillance. Nous [&hellip;]<\/p>\n","protected":false},"author":1,"featured_media":0,"parent":0,"menu_order":1,"comment_status":"closed","ping_status":"closed","template":"","meta":{"_uag_custom_page_level_css":"","footnotes":""},"class_list":["post-162","page","type-page","status-publish","hentry"],"uagb_featured_image_src":{"full":false,"thumbnail":false,"medium":false,"medium_large":false,"large":false,"1536x1536":false,"2048x2048":false},"uagb_author_info":{"display_name":"Admin","author_link":"https:\/\/www.test.apmess13.org\/index.php\/author\/admin\/"},"uagb_comment_info":0,"uagb_excerpt":"Une maison pas comme les autres, un lieu de vie au c\u0153ur du village Le Ch\u00e2teau de Beaurecueil n\u2019est pas un \u00e9tablissement comme les autres.C\u2019est un lieu d\u2019accueil, de soin et de vie, profond\u00e9ment ancr\u00e9 dans son territoire, au pied de la Sainte-Victoire. Ici, les personnes \u00e2g\u00e9es sont accueillies avec respect, attention et bienveillance. Nous\u2026","_links":{"self":[{"href":"https:\/\/www.test.apmess13.org\/index.php\/wp-json\/wp\/v2\/pages\/162","targetHints":{"allow":["GET"]}}],"collection":[{"href":"https:\/\/www.test.apmess13.org\/index.php\/wp-json\/wp\/v2\/pages"}],"about":[{"href":"https:\/\/www.test.apmess13.org\/index.php\/wp-json\/wp\/v2\/types\/page"}],"author":[{"embeddable":true,"href":"https:\/\/www.test.apmess13.org\/index.php\/wp-json\/wp\/v2\/users\/1"}],"replies":[{"embeddable":true,"href":"https:\/\/www.test.apmess13.org\/index.php\/wp-json\/wp\/v2\/comments?post=162"}],"version-history":[{"count":5,"href":"https:\/\/www.test.apmess13.org\/index.php\/wp-json\/wp\/v2\/pages\/162\/revisions"}],"predecessor-version":[{"id":227,"href":"https:\/\/www.test.apmess13.org\/index.php\/wp-json\/wp\/v2\/pages\/162\/revisions\/227"}],"wp:attachment":[{"href":"https:\/\/www.test.apmess13.org\/index.php\/wp-json\/wp\/v2\/media?parent=162"}],"curies":[{"name":"wp","href":"https:\/\/api.w.org\/{rel}","templated":true}]}}