{"id":157,"date":"2025-04-22T19:00:20","date_gmt":"2025-04-22T17:00:20","guid":{"rendered":"https:\/\/www.test.apmess13.org\/?page_id=157"},"modified":"2025-04-24T13:01:03","modified_gmt":"2025-04-24T11:01:03","slug":"nous-rejoindre","status":"publish","type":"page","link":"https:\/\/www.test.apmess13.org\/index.php\/nous-rejoindre\/","title":{"rendered":"Nous rejoindre"},"content":{"rendered":"\n<div class=\"wp-block-group has-global-padding is-layout-constrained wp-container-core-group-is-layout-eb4ce4da wp-block-group-is-layout-constrained\" style=\"margin-top:0;margin-bottom:0;padding-top:0;padding-right:20px;padding-bottom:100px;padding-left:20px\">\n<div class=\"wp-block-group has-global-padding is-layout-constrained wp-container-core-group-is-layout-ae26471b wp-block-group-is-layout-constrained\" style=\"margin-top:0;margin-bottom:0;padding-top:60px;padding-right:20px;padding-bottom:60px;padding-left:20px\">\n<h1 class=\"wp-block-heading has-text-align-center\" style=\"font-size:clamp(38.682px, 2.418rem + ((1vw - 3.2px) * 3.4), 72px);\">Rejoignez-nous<\/h1>\n\n\n\n<p class=\"has-text-align-center\">Et si vous veniez travailler dans une maison pas comme les autres ?<\/p>\n<\/div>\n<\/div>\n\n\n\n<main class=\"wp-block-group is-layout-flow wp-block-group-is-layout-flow\" style=\"margin-top:0;margin-bottom:0;padding-top:0;padding-right:0;padding-bottom:0;padding-left:0\">\n<div class=\"wp-block-group has-tertiary-background-color has-background has-global-padding is-layout-constrained wp-container-core-group-is-layout-b2082ebc wp-block-group-is-layout-constrained\" style=\"margin-top:0;margin-bottom:0;padding-top:100px;padding-right:20px;padding-bottom:100px;padding-left:20px\">\n<div class=\"wp-block-columns are-vertically-aligned-center is-layout-flex wp-container-core-columns-is-layout-47c06fe3 wp-block-columns-is-layout-flex\">\n<div class=\"wp-block-column is-vertically-aligned-center is-layout-flow wp-block-column-is-layout-flow\">\n<div class=\"wp-block-group contact-form has-global-padding is-layout-constrained wp-block-group-is-layout-constrained\">\n<h2 class=\"wp-block-heading wp-container-content-432d1f4f\">Ce qui nous anime<\/h2>\n\n\n\n<p style=\"padding-bottom:var(--wp--preset--spacing--10)\">Travailler au Ch\u00e2teau de Beaurecueil, c\u2019est rejoindre un \u00e9tablissement \u00e0 taille humaine, engag\u00e9 dans un accompagnement respectueux, attentif et profond\u00e9ment humain.<\/p>\n\n\n\n<p style=\"padding-bottom:var(--wp--preset--spacing--10)\">Nous croyons que prendre soin, c\u2019est aussi cr\u00e9er du lien : entre professionnels, avec les r\u00e9sidents, avec les familles, avec le territoire.<\/p>\n\n\n\n<p style=\"padding-bottom:var(--wp--preset--spacing--10)\">Chaque jour, nous avan\u00e7ons ensemble, avec exigence et bienveillance, pour offrir un cadre de vie et de travail \u00e0 la hauteur des personnes qui nous font confiance.<\/p>\n<\/div>\n<\/div>\n\n\n\n<div class=\"wp-block-column is-vertically-aligned-center is-layout-flow wp-block-column-is-layout-flow\">\n<div class=\"wp-block-cover is-light\" style=\"border-radius:10px;min-height:650px;aspect-ratio:unset;aspect-ratio:unset;\"><img loading=\"lazy\" decoding=\"async\" width=\"848\" height=\"648\" class=\"wp-block-cover__image-background wp-image-198 size-full\" alt=\"\" src=\"https:\/\/www.test.apmess13.org\/wp-content\/uploads\/2025\/04\/Capture-decran-2025-04-24-a-12.47.39.png\" data-object-fit=\"cover\" srcset=\"https:\/\/www.test.apmess13.org\/wp-content\/uploads\/2025\/04\/Capture-decran-2025-04-24-a-12.47.39.png 848w, https:\/\/www.test.apmess13.org\/wp-content\/uploads\/2025\/04\/Capture-decran-2025-04-24-a-12.47.39-300x229.png 300w, https:\/\/www.test.apmess13.org\/wp-content\/uploads\/2025\/04\/Capture-decran-2025-04-24-a-12.47.39-768x587.png 768w\" sizes=\"auto, (max-width: 848px) 100vw, 848px\" \/><span aria-hidden=\"true\" class=\"wp-block-cover__background has-background-dim-0 has-background-dim\" style=\"background-color:#7c6a52\"><\/span><div class=\"wp-block-cover__inner-container has-global-padding is-layout-constrained wp-block-cover-is-layout-constrained\">\n<p class=\"has-text-align-center has-large-font-size\"><\/p>\n<\/div><\/div>\n<\/div>\n<\/div>\n<\/div>\n\n\n\n<div class=\"wp-block-group has-global-padding is-layout-constrained wp-container-core-group-is-layout-b2082ebc wp-block-group-is-layout-constrained\" style=\"margin-top:0;margin-bottom:0;padding-top:100px;padding-right:20px;padding-bottom:100px;padding-left:20px\">\n<div class=\"wp-block-group has-global-padding is-layout-constrained wp-block-group-is-layout-constrained\">\n<div class=\"wp-block-columns is-layout-flex wp-container-core-columns-is-layout-7b1dceec wp-block-columns-is-layout-flex\">\n<div class=\"wp-block-column is-layout-flow wp-block-column-is-layout-flow\">\n<div class=\"wp-block-cover is-light hoverImageWrapper\" style=\"border-radius:10px;min-height:650px;aspect-ratio:unset;aspect-ratio:unset;\"><img loading=\"lazy\" decoding=\"async\" width=\"1024\" height=\"699\" class=\"wp-block-cover__image-background wp-image-132 size-large\" alt=\"\" src=\"https:\/\/www.test.apmess13.org\/wp-content\/uploads\/2025\/04\/Capture-decran-2025-04-19-a-11.28.49-1024x699.png\" data-object-fit=\"cover\" srcset=\"https:\/\/www.test.apmess13.org\/wp-content\/uploads\/2025\/04\/Capture-decran-2025-04-19-a-11.28.49-1024x699.png 1024w, https:\/\/www.test.apmess13.org\/wp-content\/uploads\/2025\/04\/Capture-decran-2025-04-19-a-11.28.49-300x205.png 300w, https:\/\/www.test.apmess13.org\/wp-content\/uploads\/2025\/04\/Capture-decran-2025-04-19-a-11.28.49-768x524.png 768w, https:\/\/www.test.apmess13.org\/wp-content\/uploads\/2025\/04\/Capture-decran-2025-04-19-a-11.28.49-1536x1048.png 1536w, https:\/\/www.test.apmess13.org\/wp-content\/uploads\/2025\/04\/Capture-decran-2025-04-19-a-11.28.49.png 1618w\" sizes=\"auto, (max-width: 1024px) 100vw, 1024px\" \/><span aria-hidden=\"true\" class=\"wp-block-cover__background has-background-dim-0 has-background-dim\" style=\"background-color:#564e4f\"><\/span><div class=\"wp-block-cover__inner-container has-global-padding is-layout-constrained wp-block-cover-is-layout-constrained\">\n<p class=\"has-text-align-center has-large-font-size\"><\/p>\n<\/div><\/div>\n<\/div>\n\n\n\n<div class=\"wp-block-column is-vertically-aligned-center is-layout-flow wp-container-core-column-is-layout-f5bb311e wp-block-column-is-layout-flow\">\n<h2 class=\"wp-block-heading wp-container-content-432d1f4f\">Ce que vous trouverez dans notre maison<\/h2>\n\n\n\n<div class=\"wp-block-group is-nowrap is-layout-flex wp-container-core-group-is-layout-a7f9386e wp-block-group-is-layout-flex\" style=\"margin-top:45px;margin-bottom:34px\">\n<div class=\"wp-block-group is-vertical is-layout-flex wp-container-core-group-is-layout-b5cd8a94 wp-block-group-is-layout-flex\">\n<p class=\"has-base-2-color has-text-color has-link-color has-mdm-large-font-size wp-elements-c5ff720f2c3081d755b44cfda0c77130\" style=\"font-style:normal;font-weight:700\">\ud83e\udde9 1. Confiance partag\u00e9e<\/p>\n\n\n\n<p class=\"has-base-2-color has-text-color has-link-color wp-elements-53d0f86cc73ca960265a50d749a20c5e\">Entre coll\u00e8gues, entre soignants et encadrants, entre chaque professionnel et les r\u00e9sidents. Ici, on peut s\u2019exprimer, proposer, \u00e9voluer.<\/p>\n<\/div>\n<\/div>\n\n\n\n<div class=\"wp-block-group is-nowrap is-layout-flex wp-container-core-group-is-layout-326729e0 wp-block-group-is-layout-flex\" style=\"margin-top:34px;margin-bottom:34px\">\n<div class=\"wp-block-group is-vertical is-layout-flex wp-container-core-group-is-layout-b5cd8a94 wp-block-group-is-layout-flex\">\n<p class=\"has-base-2-color has-text-color has-link-color has-mdm-large-font-size wp-elements-08f8a415e565c20a7b65067ce73e925d\" style=\"font-style:normal;font-weight:700\">\ud83c\udf3f 2. Cadre apaisant<\/p>\n\n\n\n<p class=\"has-base-2-color has-text-color has-link-color wp-elements-6dda174b92719ffb958df174ea4353ea\">Les espaces sont pens\u00e9s pour favoriser le confort des r\u00e9sidents, mais aussi la qualit\u00e9 de vie au travail.<\/p>\n<\/div>\n<\/div>\n\n\n\n<div class=\"wp-block-group is-nowrap is-layout-flex wp-container-core-group-is-layout-ec51ddd9 wp-block-group-is-layout-flex\" style=\"margin-top:34px;margin-bottom:45px\">\n<div class=\"wp-block-group is-vertical is-layout-flex wp-container-core-group-is-layout-b5cd8a94 wp-block-group-is-layout-flex\">\n<div class=\"wp-block-group has-global-padding is-layout-constrained wp-block-group-is-layout-constrained\">\n<p class=\"has-base-2-color has-text-color has-link-color has-mdm-large-font-size wp-elements-1aab4fc23551ad6be05a735c61487165\" style=\"font-style:normal;font-weight:700\">\ud83e\udd1d 3. Esprit d\u2019\u00e9quipe<\/p>\n<\/div>\n\n\n\n<div class=\"wp-block-group has-global-padding is-layout-constrained wp-block-group-is-layout-constrained\">\n<p class=\"has-base-2-color has-text-color has-link-color wp-elements-dcda1e5e16b4b291b32db422afacd652\">Les professionnels peuvent compter les uns sur les autres. On se conna\u00eet, on se soutient, on se respecte.<\/p>\n\n\n\n<p class=\"has-base-2-color has-text-color has-link-color has-mdm-large-font-size wp-elements-b64ab20abedbea4a91dccb7cf96a7881\" style=\"font-style:normal;font-weight:700\">\ud83d\udcda 4. Accompagnement r\u00e9el<\/p>\n\n\n\n<p>Formations, int\u00e9gration individualis\u00e9e, possibilit\u00e9s d\u2019\u00e9volution, soutien dans les parcours : nous mettons en place les moyens pour que chacun puisse  trouver du sens dans son engagement.<\/p>\n<\/div>\n<\/div>\n<\/div>\n<\/div>\n<\/div>\n<\/div>\n<\/div>\n\n\n\n<div class=\"wp-block-group has-tertiary-background-color has-background has-global-padding is-layout-constrained wp-container-core-group-is-layout-b2082ebc wp-block-group-is-layout-constrained\" style=\"margin-top:0;margin-bottom:0;padding-top:100px;padding-right:20px;padding-bottom:100px;padding-left:20px\">\n<div class=\"wp-block-group is-content-justification-space-between is-layout-flex wp-container-core-group-is-layout-32452c2f wp-block-group-is-layout-flex\" style=\"margin-top:0;margin-bottom:0;padding-bottom:60px\">\n<h2 class=\"wp-block-heading wp-container-content-432d1f4f\">Nos m\u00e9tiers, vos comp\u00e9tences<\/h2>\n\n\n\n<p class=\"wp-container-content-6511ad4a\">Chaque m\u00e9tier a sa place dans notre \u00e9tablissement. C\u2019est dans la diversit\u00e9 des comp\u00e9tences et la compl\u00e9mentarit\u00e9 des regards que nous construisons, jour apr\u00e8s jour, un accompagnement juste et attentif.<\/p>\n<\/div>\n\n\n\n<div class=\"wp-block-columns is-layout-flex wp-container-core-columns-is-layout-08c01c1c wp-block-columns-is-layout-flex\">\n<div class=\"wp-block-column is-vertically-aligned-center is-layout-flow wp-block-column-is-layout-flow\">\n<div class=\"wp-block-group has-global-padding is-layout-constrained wp-container-core-group-is-layout-0c8748fe wp-block-group-is-layout-constrained\" style=\"border-radius:0px;border-bottom-color:#d1d1d1;border-bottom-width:1px;padding-top:20px;padding-right:0px;padding-bottom:20px;padding-left:0px\">\n<p class=\"has-text-align-left has-large-font-size\" style=\"font-style:normal;font-weight:700\">\ud83e\ude7a <strong>Soin<\/strong><\/p>\n\n\n\n<p class=\"has-text-align-left\">Du repas au linge, chaque geste contribue au bien-\u00eatre des r\u00e9sidents.<\/p>\n<\/div>\n\n\n\n<div class=\"wp-block-group has-global-padding is-layout-constrained wp-container-core-group-is-layout-0c8748fe wp-block-group-is-layout-constrained\" style=\"border-radius:0px;border-bottom-color:#d1d1d1;border-bottom-width:1px;padding-top:20px;padding-right:0px;padding-bottom:20px;padding-left:0px\">\n<p class=\"has-text-align-left has-large-font-size\" style=\"font-style:normal;font-weight:700\">\ud83c\udf7d\ufe0f <strong>Vie quotidienne<\/strong><\/p>\n\n\n\n<p class=\"has-text-align-left\">Jardin th\u00e9rapeutique et espaces verts accessibles.<\/p>\n<\/div>\n\n\n\n<div class=\"wp-block-group has-global-padding is-layout-constrained wp-container-core-group-is-layout-0c8748fe wp-block-group-is-layout-constrained\" style=\"border-radius:0px;border-bottom-color:#d1d1d1;border-bottom-width:1px;padding-top:20px;padding-right:0px;padding-bottom:20px;padding-left:0px\">\n<p class=\"has-text-align-left has-large-font-size\" style=\"font-style:normal;font-weight:700\">\ud83c\udfa8 <strong>Lien<\/strong><\/p>\n\n\n\n<p class=\"has-text-align-left\">Cr\u00e9er, animer, partager\u2026 maintenir la vie sociale au c\u0153ur du quotidien.<\/p>\n<\/div>\n\n\n\n<div class=\"wp-block-buttons is-layout-flex wp-block-buttons-is-layout-flex\" style=\"margin-top:40px\">\n<div class=\"wp-block-button\"><a class=\"wp-block-button__link has-primary-background-color has-background wp-element-button\" href=\"https:\/\/fr.indeed.com\/cmp\/Ehpad-Chateau-De-Beaurecueil-3\">Nos offres d&#8217;emploi<\/a><\/div>\n<\/div>\n<\/div>\n\n\n\n<div class=\"wp-block-column is-layout-flow wp-block-column-is-layout-flow\" style=\"flex-basis:60%\">\n<div class=\"wp-block-cover is-light hoverImageWrapper\" style=\"border-radius:20px;min-height:500px;aspect-ratio:unset;aspect-ratio:unset;\"><img loading=\"lazy\" decoding=\"async\" width=\"1024\" height=\"566\" class=\"wp-block-cover__image-background wp-image-199 size-large\" alt=\"\" src=\"https:\/\/www.test.apmess13.org\/wp-content\/uploads\/2025\/04\/Capture-decran-2025-04-24-a-12.48.15-1024x566.png\" data-object-fit=\"cover\" srcset=\"https:\/\/www.test.apmess13.org\/wp-content\/uploads\/2025\/04\/Capture-decran-2025-04-24-a-12.48.15-1024x566.png 1024w, https:\/\/www.test.apmess13.org\/wp-content\/uploads\/2025\/04\/Capture-decran-2025-04-24-a-12.48.15-300x166.png 300w, https:\/\/www.test.apmess13.org\/wp-content\/uploads\/2025\/04\/Capture-decran-2025-04-24-a-12.48.15-768x425.png 768w, https:\/\/www.test.apmess13.org\/wp-content\/uploads\/2025\/04\/Capture-decran-2025-04-24-a-12.48.15.png 1338w\" sizes=\"auto, (max-width: 1024px) 100vw, 1024px\" \/><span aria-hidden=\"true\" class=\"wp-block-cover__background has-background-dim-0 has-background-dim\"><\/span><div class=\"wp-block-cover__inner-container has-global-padding is-layout-constrained wp-block-cover-is-layout-constrained\">\n<p class=\"has-text-align-center has-large-font-size\"><\/p>\n<\/div><\/div>\n<\/div>\n<\/div>\n<\/div>\n\n\n\n<main class=\"wp-block-group has-global-padding is-layout-constrained wp-container-core-group-is-layout-5b4e24e1 wp-block-group-is-layout-constrained\" style=\"margin-top:0;margin-bottom:0;padding-top:var(--wp--preset--spacing--40);padding-right:20px;padding-bottom:var(--wp--preset--spacing--40);padding-left:20px\">\n<div class=\"wp-block-group alignwide has-white-background-color has-background has-body-font-family has-global-padding is-layout-constrained wp-container-core-group-is-layout-673956fd wp-block-group-is-layout-constrained\" style=\"border-radius:8px;margin-top:0;margin-bottom:0;padding-top:var(--wp--preset--spacing--40);padding-right:0px;padding-bottom:var(--wp--preset--spacing--40);padding-left:0px;font-size:clamp(20px, 1.25rem + ((1vw - 3.2px) * 1.224), 32px);font-style:normal;font-weight:700\">\n<div class=\"wp-block-columns is-layout-flex wp-container-core-columns-is-layout-28f84493 wp-block-columns-is-layout-flex\">\n<div class=\"wp-block-column is-vertically-aligned-center is-layout-flow wp-block-column-is-layout-flow\">\n<h2 class=\"wp-block-heading has-text-align-center has-link-color-color has-text-color has-link-color wp-elements-7164e0aa9bbf738cec1e55d442f1079f\">Rejoignez notre \u00e9quipe<\/h2>\n\n\n\n<p class=\"has-text-align-center has-link-color-color has-text-color has-link-color wp-elements-b340b3908b8e6c5224c82f8e4b7649cf\" style=\"font-size:clamp(14px, 0.875rem + ((1vw - 3.2px) * 0.204), 16px);font-style:normal;font-weight:400\">Faites le choix d\u2019une maison pas comme les autres, rencontrons-nous !<\/p>\n\n\n\n<div class=\"wp-block-buttons is-content-justification-center is-layout-flex wp-container-core-buttons-is-layout-f3767f4c wp-block-buttons-is-layout-flex\" style=\"margin-top:var(--wp--preset--spacing--20)\">\n<div class=\"wp-block-button\"><a class=\"wp-block-button__link has-contrast-3-color has-text-color has-link-color wp-element-button\" href=\"https:\/\/fr.indeed.com\/cmp\/Ehpad-Chateau-De-Beaurecueil-3\">Nos offres d&#8217;emploi<\/a><\/div>\n<\/div>\n<\/div>\n<\/div>\n<\/div>\n<\/main>\n<\/main>\n","protected":false},"excerpt":{"rendered":"<p>Rejoignez-nous Et si vous veniez travailler dans une maison pas comme les autres ? Ce qui nous anime Travailler au Ch\u00e2teau de Beaurecueil, c\u2019est rejoindre un \u00e9tablissement \u00e0 taille humaine, engag\u00e9 dans un accompagnement respectueux, attentif et profond\u00e9ment humain. Nous croyons que prendre soin, c\u2019est aussi cr\u00e9er du lien : entre professionnels, avec les r\u00e9sidents, [&hellip;]<\/p>\n","protected":false},"author":1,"featured_media":0,"parent":0,"menu_order":0,"comment_status":"closed","ping_status":"closed","template":"","meta":{"_uag_custom_page_level_css":"","footnotes":""},"class_list":["post-157","page","type-page","status-publish","hentry"],"uagb_featured_image_src":{"full":false,"thumbnail":false,"medium":false,"medium_large":false,"large":false,"1536x1536":false,"2048x2048":false},"uagb_author_info":{"display_name":"Admin","author_link":"https:\/\/www.test.apmess13.org\/index.php\/author\/admin\/"},"uagb_comment_info":0,"uagb_excerpt":"Rejoignez-nous Et si vous veniez travailler dans une maison pas comme les autres ? Ce qui nous anime Travailler au Ch\u00e2teau de Beaurecueil, c\u2019est rejoindre un \u00e9tablissement \u00e0 taille humaine, engag\u00e9 dans un accompagnement respectueux, attentif et profond\u00e9ment humain. Nous croyons que prendre soin, c\u2019est aussi cr\u00e9er du lien : entre professionnels, avec les r\u00e9sidents,\u2026","_links":{"self":[{"href":"https:\/\/www.test.apmess13.org\/index.php\/wp-json\/wp\/v2\/pages\/157","targetHints":{"allow":["GET"]}}],"collection":[{"href":"https:\/\/www.test.apmess13.org\/index.php\/wp-json\/wp\/v2\/pages"}],"about":[{"href":"https:\/\/www.test.apmess13.org\/index.php\/wp-json\/wp\/v2\/types\/page"}],"author":[{"embeddable":true,"href":"https:\/\/www.test.apmess13.org\/index.php\/wp-json\/wp\/v2\/users\/1"}],"replies":[{"embeddable":true,"href":"https:\/\/www.test.apmess13.org\/index.php\/wp-json\/wp\/v2\/comments?post=157"}],"version-history":[{"count":4,"href":"https:\/\/www.test.apmess13.org\/index.php\/wp-json\/wp\/v2\/pages\/157\/revisions"}],"predecessor-version":[{"id":209,"href":"https:\/\/www.test.apmess13.org\/index.php\/wp-json\/wp\/v2\/pages\/157\/revisions\/209"}],"wp:attachment":[{"href":"https:\/\/www.test.apmess13.org\/index.php\/wp-json\/wp\/v2\/media?parent=157"}],"curies":[{"name":"wp","href":"https:\/\/api.w.org\/{rel}","templated":true}]}}