{"id":105,"date":"2025-04-19T09:54:35","date_gmt":"2025-04-19T07:54:35","guid":{"rendered":"https:\/\/www.test.apmess13.org\/?page_id=105"},"modified":"2025-04-24T12:54:46","modified_gmt":"2025-04-24T10:54:46","slug":"temoignages","status":"publish","type":"page","link":"https:\/\/www.test.apmess13.org\/index.php\/temoignages\/","title":{"rendered":"T\u00e9moignages"},"content":{"rendered":"\n<div class=\"wp-block-group has-global-padding is-layout-constrained wp-container-core-group-is-layout-b2082ebc wp-block-group-is-layout-constrained\" style=\"margin-top:0;margin-bottom:0;padding-top:100px;padding-right:20px;padding-bottom:100px;padding-left:20px\">\n<div class=\"wp-block-group is-content-justification-space-between is-layout-flex wp-container-core-group-is-layout-32452c2f wp-block-group-is-layout-flex\" style=\"margin-top:0;margin-bottom:0;padding-bottom:60px\">\n<h2 class=\"wp-block-heading wp-container-content-432d1f4f\">Ce qu\u2019ils partagent de notre maison<\/h2>\n\n\n\n<p class=\"wp-container-content-6511ad4a\">R\u00e9sidents, familles, professionnels\u2026 Ils racontent ce qu\u2019ils vivent ici.<br>Des paroles simples, pleines de liens, de respect, de souvenirs et de moments partag\u00e9s. Parce qu\u2019au Ch\u00e2teau, ce qu&rsquo;on aime c&rsquo;est vivre ensemble<\/p>\n\n\n\n<p class=\"wp-container-content-6511ad4a\"><\/p>\n<\/div>\n\n\n\n<div class=\"wp-block-group is-layout-grid wp-container-core-group-is-layout-37541899 wp-block-group-is-layout-grid\">\n<div class=\"wp-block-group has-base-background-color has-background is-layout-flex wp-block-group-is-layout-flex\" style=\"border-radius:10px;padding-top:var(--wp--preset--spacing--30);padding-right:var(--wp--preset--spacing--30);padding-bottom:var(--wp--preset--spacing--30);padding-left:var(--wp--preset--spacing--30)\">\n<figure data-wp-context=\"{&quot;imageId&quot;:&quot;69df8b3fa4074&quot;}\" data-wp-interactive=\"core\/image\" class=\"wp-block-image size-large is-resized has-custom-border wp-lightbox-container\"><img loading=\"lazy\" decoding=\"async\" width=\"1024\" height=\"683\" data-wp-class--hide=\"state.isContentHidden\" data-wp-class--show=\"state.isContentVisible\" data-wp-init=\"callbacks.setButtonStyles\" data-wp-on-async--click=\"actions.showLightbox\" data-wp-on-async--load=\"callbacks.setButtonStyles\" data-wp-on-async-window--resize=\"callbacks.setButtonStyles\" src=\"http:\/\/www.test.apmess13.org\/wp-content\/uploads\/2025\/04\/pexels-photo-774731-774731-1024x683.jpg\" alt=\"A cute gray cat playfully standing on its hind legs on a wooden floor indoors.\" class=\"wp-image-202\" style=\"border-radius:50%;aspect-ratio:1;object-fit:cover;width:137px;height:auto\" srcset=\"https:\/\/www.test.apmess13.org\/wp-content\/uploads\/2025\/04\/pexels-photo-774731-774731-1024x683.jpg 1024w, https:\/\/www.test.apmess13.org\/wp-content\/uploads\/2025\/04\/pexels-photo-774731-774731-300x200.jpg 300w, https:\/\/www.test.apmess13.org\/wp-content\/uploads\/2025\/04\/pexels-photo-774731-774731-768x512.jpg 768w, https:\/\/www.test.apmess13.org\/wp-content\/uploads\/2025\/04\/pexels-photo-774731-774731-1536x1024.jpg 1536w, https:\/\/www.test.apmess13.org\/wp-content\/uploads\/2025\/04\/pexels-photo-774731-774731-2048x1365.jpg 2048w\" sizes=\"auto, (max-width: 1024px) 100vw, 1024px\" \/><button\n\t\t\tclass=\"lightbox-trigger\"\n\t\t\ttype=\"button\"\n\t\t\taria-haspopup=\"dialog\"\n\t\t\taria-label=\"Agrandir\"\n\t\t\tdata-wp-init=\"callbacks.initTriggerButton\"\n\t\t\tdata-wp-on-async--click=\"actions.showLightbox\"\n\t\t\tdata-wp-style--right=\"state.imageButtonRight\"\n\t\t\tdata-wp-style--top=\"state.imageButtonTop\"\n\t\t>\n\t\t\t<svg xmlns=\"http:\/\/www.w3.org\/2000\/svg\" width=\"12\" height=\"12\" fill=\"none\" viewBox=\"0 0 12 12\">\n\t\t\t\t<path fill=\"#fff\" d=\"M2 0a2 2 0 0 0-2 2v2h1.5V2a.5.5 0 0 1 .5-.5h2V0H2Zm2 10.5H2a.5.5 0 0 1-.5-.5V8H0v2a2 2 0 0 0 2 2h2v-1.5ZM8 12v-1.5h2a.5.5 0 0 0 .5-.5V8H12v2a2 2 0 0 1-2 2H8Zm2-12a2 2 0 0 1 2 2v2h-1.5V2a.5.5 0 0 0-.5-.5H8V0h2Z\" \/>\n\t\t\t<\/svg>\n\t\t<\/button><\/figure>\n\n\n\n<div class=\"wp-block-group is-vertical is-layout-flex wp-container-core-group-is-layout-4b827052 wp-block-group-is-layout-flex\">\n<p class=\"has-text-color has-link-color has-mdm-large-font-size wp-elements-f2eb1357a9795351acf212412f9804d2\" style=\"color:#ff8c00;line-height:1\">\u2605\u2605\u2605\u2605\u2605<\/p>\n\n\n\n<p style=\"margin-top:0;margin-bottom:0;padding-top:18px;padding-bottom:20px\">\u00ab Au Ch\u00e2teau de Beaurecueil, il y a une convivialit\u00e9 excellente, un parc am\u00e9nag\u00e9 o\u00f9 il fait bon de se promener. Des animaux, trois chats, quatre poules, un lapin nain qu\u2019il est agr\u00e9able de c\u00f4toyer. \u00bb<\/p>\n\n\n\n<div class=\"wp-block-group has-global-padding is-layout-constrained wp-container-core-group-is-layout-55be18d4 wp-block-group-is-layout-constrained\" style=\"border-left-color:#a6a6a6;border-left-width:5px;margin-top:0;padding-left:15px\">\n<p class=\"has-text-align-center has-mdm-large-font-size\" style=\"font-style:normal;font-weight:600\">Madame Verheuge<\/p>\n\n\n\n<p class=\"has-text-align-left has-small-font-size\" style=\"margin-top:0;margin-bottom:0\">R\u00e9sidente<\/p>\n<\/div>\n<\/div>\n<\/div>\n\n\n\n<div class=\"wp-block-group has-base-background-color has-background is-layout-flex wp-block-group-is-layout-flex\" style=\"border-radius:10px;padding-top:var(--wp--preset--spacing--30);padding-right:var(--wp--preset--spacing--30);padding-bottom:var(--wp--preset--spacing--30);padding-left:var(--wp--preset--spacing--30)\">\n<figure data-wp-context=\"{&quot;imageId&quot;:&quot;69df8b3fa490d&quot;}\" data-wp-interactive=\"core\/image\" class=\"wp-block-image size-large is-resized has-custom-border wp-lightbox-container\"><img loading=\"lazy\" decoding=\"async\" width=\"1024\" height=\"683\" data-wp-class--hide=\"state.isContentHidden\" data-wp-class--show=\"state.isContentVisible\" data-wp-init=\"callbacks.setButtonStyles\" data-wp-on-async--click=\"actions.showLightbox\" data-wp-on-async--load=\"callbacks.setButtonStyles\" data-wp-on-async-window--resize=\"callbacks.setButtonStyles\" src=\"http:\/\/www.test.apmess13.org\/wp-content\/uploads\/2025\/04\/pexels-photo-1250260-1250260-1024x683.jpg\" alt=\"A vibrant green fern grows on a tree trunk, capturing a serene forest atmosphere.\" class=\"wp-image-203\" style=\"border-radius:50%;aspect-ratio:1;object-fit:cover;width:137px;height:auto\" srcset=\"https:\/\/www.test.apmess13.org\/wp-content\/uploads\/2025\/04\/pexels-photo-1250260-1250260-1024x683.jpg 1024w, https:\/\/www.test.apmess13.org\/wp-content\/uploads\/2025\/04\/pexels-photo-1250260-1250260-300x200.jpg 300w, https:\/\/www.test.apmess13.org\/wp-content\/uploads\/2025\/04\/pexels-photo-1250260-1250260-768x512.jpg 768w, https:\/\/www.test.apmess13.org\/wp-content\/uploads\/2025\/04\/pexels-photo-1250260-1250260-1536x1024.jpg 1536w, https:\/\/www.test.apmess13.org\/wp-content\/uploads\/2025\/04\/pexels-photo-1250260-1250260-2048x1365.jpg 2048w\" sizes=\"auto, (max-width: 1024px) 100vw, 1024px\" \/><button\n\t\t\tclass=\"lightbox-trigger\"\n\t\t\ttype=\"button\"\n\t\t\taria-haspopup=\"dialog\"\n\t\t\taria-label=\"Agrandir\"\n\t\t\tdata-wp-init=\"callbacks.initTriggerButton\"\n\t\t\tdata-wp-on-async--click=\"actions.showLightbox\"\n\t\t\tdata-wp-style--right=\"state.imageButtonRight\"\n\t\t\tdata-wp-style--top=\"state.imageButtonTop\"\n\t\t>\n\t\t\t<svg xmlns=\"http:\/\/www.w3.org\/2000\/svg\" width=\"12\" height=\"12\" fill=\"none\" viewBox=\"0 0 12 12\">\n\t\t\t\t<path fill=\"#fff\" d=\"M2 0a2 2 0 0 0-2 2v2h1.5V2a.5.5 0 0 1 .5-.5h2V0H2Zm2 10.5H2a.5.5 0 0 1-.5-.5V8H0v2a2 2 0 0 0 2 2h2v-1.5ZM8 12v-1.5h2a.5.5 0 0 0 .5-.5V8H12v2a2 2 0 0 1-2 2H8Zm2-12a2 2 0 0 1 2 2v2h-1.5V2a.5.5 0 0 0-.5-.5H8V0h2Z\" \/>\n\t\t\t<\/svg>\n\t\t<\/button><\/figure>\n\n\n\n<div class=\"wp-block-group is-vertical is-layout-flex wp-container-core-group-is-layout-4b827052 wp-block-group-is-layout-flex\">\n<p class=\"has-text-color has-link-color has-mdm-large-font-size wp-elements-f2eb1357a9795351acf212412f9804d2\" style=\"color:#ff8c00;line-height:1\">\u2605\u2605\u2605\u2605\u2605<\/p>\n\n\n\n<p style=\"margin-top:0;margin-bottom:0;padding-top:18px;padding-bottom:20px\">\u00ab Ce que j\u2019aime \u00e0 Beaurecueil ? Tout : le d\u00e9cor ext\u00e9rieur, le parc et les petits chemins de promenade ; l\u2019int\u00e9rieur du ch\u00e2teau, la jolie grande galerie, ma jolie chambre ; le personnel  \u00bb<\/p>\n\n\n\n<div class=\"wp-block-group has-global-padding is-layout-constrained wp-container-core-group-is-layout-55be18d4 wp-block-group-is-layout-constrained\" style=\"border-left-color:#a6a6a6;border-left-width:5px;margin-top:0;padding-left:15px\">\n<p class=\"has-text-align-center has-mdm-large-font-size\" style=\"font-style:normal;font-weight:600\">Madame Gastaldo<\/p>\n\n\n\n<p class=\"has-text-align-left has-small-font-size\" style=\"margin-top:0;margin-bottom:0\">R\u00e9sidente<\/p>\n<\/div>\n<\/div>\n<\/div>\n\n\n\n<div class=\"wp-block-group has-base-background-color has-background is-layout-flex wp-block-group-is-layout-flex\" style=\"border-radius:10px;padding-top:var(--wp--preset--spacing--30);padding-right:var(--wp--preset--spacing--30);padding-bottom:var(--wp--preset--spacing--30);padding-left:var(--wp--preset--spacing--30)\">\n<figure data-wp-context=\"{&quot;imageId&quot;:&quot;69df8b3fa5046&quot;}\" data-wp-interactive=\"core\/image\" class=\"wp-block-image size-full is-resized has-custom-border wp-lightbox-container\"><img loading=\"lazy\" decoding=\"async\" width=\"234\" height=\"246\" data-wp-class--hide=\"state.isContentHidden\" data-wp-class--show=\"state.isContentVisible\" data-wp-init=\"callbacks.setButtonStyles\" data-wp-on-async--click=\"actions.showLightbox\" data-wp-on-async--load=\"callbacks.setButtonStyles\" data-wp-on-async-window--resize=\"callbacks.setButtonStyles\" src=\"https:\/\/www.test.apmess13.org\/wp-content\/uploads\/2025\/04\/Capture-decran-2025-04-24-a-12.52.31.png\" alt=\"\" class=\"wp-image-204\" style=\"border-radius:50%;aspect-ratio:1;object-fit:cover;width:137px;height:auto\"\/><button\n\t\t\tclass=\"lightbox-trigger\"\n\t\t\ttype=\"button\"\n\t\t\taria-haspopup=\"dialog\"\n\t\t\taria-label=\"Agrandir\"\n\t\t\tdata-wp-init=\"callbacks.initTriggerButton\"\n\t\t\tdata-wp-on-async--click=\"actions.showLightbox\"\n\t\t\tdata-wp-style--right=\"state.imageButtonRight\"\n\t\t\tdata-wp-style--top=\"state.imageButtonTop\"\n\t\t>\n\t\t\t<svg xmlns=\"http:\/\/www.w3.org\/2000\/svg\" width=\"12\" height=\"12\" fill=\"none\" viewBox=\"0 0 12 12\">\n\t\t\t\t<path fill=\"#fff\" d=\"M2 0a2 2 0 0 0-2 2v2h1.5V2a.5.5 0 0 1 .5-.5h2V0H2Zm2 10.5H2a.5.5 0 0 1-.5-.5V8H0v2a2 2 0 0 0 2 2h2v-1.5ZM8 12v-1.5h2a.5.5 0 0 0 .5-.5V8H12v2a2 2 0 0 1-2 2H8Zm2-12a2 2 0 0 1 2 2v2h-1.5V2a.5.5 0 0 0-.5-.5H8V0h2Z\" \/>\n\t\t\t<\/svg>\n\t\t<\/button><\/figure>\n\n\n\n<div class=\"wp-block-group is-vertical is-layout-flex wp-container-core-group-is-layout-4b827052 wp-block-group-is-layout-flex\">\n<p class=\"has-text-color has-link-color has-mdm-large-font-size wp-elements-f2eb1357a9795351acf212412f9804d2\" style=\"color:#ff8c00;line-height:1\">\u2605\u2605\u2605\u2605\u2605<\/p>\n\n\n\n<p style=\"margin-top:0;margin-bottom:0;padding-top:18px;padding-bottom:20px\">\u00ab\u00a0Ici, je me sens utile chaque jour. On avance ensemble, avec humanit\u00e9, attention, beaucoup d\u2019envie\u2026 et une vraie fiert\u00e9 collective.\u00a0\u00bb<\/p>\n\n\n\n<div class=\"wp-block-group has-global-padding is-layout-constrained wp-container-core-group-is-layout-55be18d4 wp-block-group-is-layout-constrained\" style=\"border-left-color:#a6a6a6;border-left-width:5px;margin-top:0;padding-left:15px\">\n<p class=\"has-text-align-center has-mdm-large-font-size\" style=\"font-style:normal;font-weight:600\">Lor\u00e8ne Guillet<\/p>\n\n\n\n<p class=\"has-text-align-left has-small-font-size\" style=\"margin-top:0;margin-bottom:0\">Assistante de direction <\/p>\n<\/div>\n<\/div>\n<\/div>\n<\/div>\n<\/div>\n","protected":false},"excerpt":{"rendered":"<p>Ce qu\u2019ils partagent de notre maison R\u00e9sidents, familles, professionnels\u2026 Ils racontent ce qu\u2019ils vivent ici.Des paroles simples, pleines de liens, de respect, de souvenirs et de moments partag\u00e9s. Parce qu\u2019au Ch\u00e2teau, ce qu&rsquo;on aime c&rsquo;est vivre ensemble \u2605\u2605\u2605\u2605\u2605 \u00ab Au Ch\u00e2teau de Beaurecueil, il y a une convivialit\u00e9 excellente, un parc am\u00e9nag\u00e9 o\u00f9 il fait [&hellip;]<\/p>\n","protected":false},"author":1,"featured_media":0,"parent":0,"menu_order":0,"comment_status":"closed","ping_status":"closed","template":"","meta":{"_uag_custom_page_level_css":"","footnotes":""},"class_list":["post-105","page","type-page","status-publish","hentry"],"uagb_featured_image_src":{"full":false,"thumbnail":false,"medium":false,"medium_large":false,"large":false,"1536x1536":false,"2048x2048":false},"uagb_author_info":{"display_name":"Admin","author_link":"https:\/\/www.test.apmess13.org\/index.php\/author\/admin\/"},"uagb_comment_info":0,"uagb_excerpt":"Ce qu\u2019ils partagent de notre maison R\u00e9sidents, familles, professionnels\u2026 Ils racontent ce qu\u2019ils vivent ici.Des paroles simples, pleines de liens, de respect, de souvenirs et de moments partag\u00e9s. Parce qu\u2019au Ch\u00e2teau, ce qu&rsquo;on aime c&rsquo;est vivre ensemble \u2605\u2605\u2605\u2605\u2605 \u00ab Au Ch\u00e2teau de Beaurecueil, il y a une convivialit\u00e9 excellente, un parc am\u00e9nag\u00e9 o\u00f9 il fait\u2026","_links":{"self":[{"href":"https:\/\/www.test.apmess13.org\/index.php\/wp-json\/wp\/v2\/pages\/105","targetHints":{"allow":["GET"]}}],"collection":[{"href":"https:\/\/www.test.apmess13.org\/index.php\/wp-json\/wp\/v2\/pages"}],"about":[{"href":"https:\/\/www.test.apmess13.org\/index.php\/wp-json\/wp\/v2\/types\/page"}],"author":[{"embeddable":true,"href":"https:\/\/www.test.apmess13.org\/index.php\/wp-json\/wp\/v2\/users\/1"}],"replies":[{"embeddable":true,"href":"https:\/\/www.test.apmess13.org\/index.php\/wp-json\/wp\/v2\/comments?post=105"}],"version-history":[{"count":2,"href":"https:\/\/www.test.apmess13.org\/index.php\/wp-json\/wp\/v2\/pages\/105\/revisions"}],"predecessor-version":[{"id":205,"href":"https:\/\/www.test.apmess13.org\/index.php\/wp-json\/wp\/v2\/pages\/105\/revisions\/205"}],"wp:attachment":[{"href":"https:\/\/www.test.apmess13.org\/index.php\/wp-json\/wp\/v2\/media?parent=105"}],"curies":[{"name":"wp","href":"https:\/\/api.w.org\/{rel}","templated":true}]}}